{"id":3528,"date":"2024-10-26T13:44:28","date_gmt":"2024-10-26T11:44:28","guid":{"rendered":"https:\/\/sokhnaalexia.com\/?post_type=product&#038;p=3528"},"modified":"2024-10-26T13:44:28","modified_gmt":"2024-10-26T11:44:28","slug":"tela-wax-32","status":"publish","type":"product","link":"https:\/\/sokhnaalexia.com\/en\/producto\/tela-wax-32\/","title":{"rendered":"TELA WAX"},"content":{"rendered":"<p>Tela de algod\u00f3n 100%. Recibe su nombre del ingl\u00e9s wax, cuyo significado es cera, y hace referencia a su m\u00e9todo de estampaci\u00f3n del color que es a cera por las dos caras lo que hace que se conserven en excelentes condiciones sus preciosos colores vivos durante muchos a\u00f1os. \u00a0Se trata de telas de alta calidad y resistencia que no desti\u00f1en.<\/p>\n","protected":false},"excerpt":{"rendered":"<p>Yarda, unidad de medida 0,90 x 115 cm<\/p>\n","protected":false},"featured_media":3529,"template":"","meta":[],"product_brand":[],"product_cat":[81,43],"product_tag":[],"class_list":{"0":"post-3528","1":"product","2":"type-product","3":"status-publish","4":"has-post-thumbnail","6":"product_cat-tela-wax","7":"product_cat-telas","9":"first","10":"instock","11":"shipping-taxable","12":"purchasable","13":"product-type-simple"},"yoast_head":"<!-- This site is optimized with the Yoast SEO plugin v26.1.1 - https:\/\/yoast.com\/wordpress\/plugins\/seo\/ -->\n<title>TELA WAX | Sokhna Alexia<\/title>\n<meta name=\"robots\" content=\"index, follow, max-snippet:-1, max-image-preview:large, max-video-preview:-1\" \/>\n<link rel=\"canonical\" href=\"https:\/\/sokhnaalexia.com\/producto\/tela-wax-32\/\" \/>\n<meta property=\"og:locale\" content=\"en_US\" \/>\n<meta property=\"og:type\" content=\"article\" \/>\n<meta property=\"og:title\" content=\"TELA WAX | Sokhna Alexia\" \/>\n<meta property=\"og:description\" content=\"Yarda, unidad de medida 0,90 x 115 cm\" \/>\n<meta property=\"og:url\" content=\"https:\/\/sokhnaalexia.com\/producto\/tela-wax-32\/\" \/>\n<meta property=\"og:site_name\" content=\"Sokhna Alexia\" \/>\n<meta property=\"og:image\" content=\"https:\/\/sokhnaalexia.com\/wp-content\/uploads\/2024\/10\/IMG_9312-scaled.jpeg\" \/>\n\t<meta property=\"og:image:width\" content=\"1920\" \/>\n\t<meta property=\"og:image:height\" content=\"2560\" \/>\n\t<meta property=\"og:image:type\" content=\"image\/jpeg\" \/>\n<meta name=\"twitter:card\" content=\"summary_large_image\" \/>\n<meta name=\"twitter:label1\" content=\"Est. reading time\" \/>\n\t<meta name=\"twitter:data1\" content=\"1 minute\" \/>\n<script type=\"application\/ld+json\" class=\"yoast-schema-graph\">{\"@context\":\"https:\/\/schema.org\",\"@graph\":[{\"@type\":\"WebPage\",\"@id\":\"https:\/\/sokhnaalexia.com\/producto\/tela-wax-32\/\",\"url\":\"https:\/\/sokhnaalexia.com\/producto\/tela-wax-32\/\",\"name\":\"TELA WAX | Sokhna Alexia\",\"isPartOf\":{\"@id\":\"https:\/\/sokhnaalexia.com\/#website\"},\"primaryImageOfPage\":{\"@id\":\"https:\/\/sokhnaalexia.com\/producto\/tela-wax-32\/#primaryimage\"},\"image\":{\"@id\":\"https:\/\/sokhnaalexia.com\/producto\/tela-wax-32\/#primaryimage\"},\"thumbnailUrl\":\"https:\/\/sokhnaalexia.com\/wp-content\/uploads\/2024\/10\/IMG_9312-scaled.jpeg\",\"datePublished\":\"2024-10-26T11:44:28+00:00\",\"breadcrumb\":{\"@id\":\"https:\/\/sokhnaalexia.com\/producto\/tela-wax-32\/#breadcrumb\"},\"inLanguage\":\"en-US\",\"potentialAction\":[{\"@type\":\"ReadAction\",\"target\":[\"https:\/\/sokhnaalexia.com\/producto\/tela-wax-32\/\"]}]},{\"@type\":\"ImageObject\",\"inLanguage\":\"en-US\",\"@id\":\"https:\/\/sokhnaalexia.com\/producto\/tela-wax-32\/#primaryimage\",\"url\":\"https:\/\/sokhnaalexia.com\/wp-content\/uploads\/2024\/10\/IMG_9312-scaled.jpeg\",\"contentUrl\":\"https:\/\/sokhnaalexia.com\/wp-content\/uploads\/2024\/10\/IMG_9312-scaled.jpeg\",\"width\":1920,\"height\":2560},{\"@type\":\"BreadcrumbList\",\"@id\":\"https:\/\/sokhnaalexia.com\/producto\/tela-wax-32\/#breadcrumb\",\"itemListElement\":[{\"@type\":\"ListItem\",\"position\":1,\"name\":\"Inicio\",\"item\":\"https:\/\/sokhnaalexia.com\/\"},{\"@type\":\"ListItem\",\"position\":2,\"name\":\"Tienda online\",\"item\":\"https:\/\/sokhnaalexia.com\/tienda-online\/\"},{\"@type\":\"ListItem\",\"position\":3,\"name\":\"TELA WAX\"}]},{\"@type\":\"WebSite\",\"@id\":\"https:\/\/sokhnaalexia.com\/#website\",\"url\":\"https:\/\/sokhnaalexia.com\/\",\"name\":\"Sokhna Alexia\",\"description\":\"Telas y complementos africanos\",\"publisher\":{\"@id\":\"https:\/\/sokhnaalexia.com\/#organization\"},\"alternateName\":\"Telas y complementos africanos\",\"potentialAction\":[{\"@type\":\"SearchAction\",\"target\":{\"@type\":\"EntryPoint\",\"urlTemplate\":\"https:\/\/sokhnaalexia.com\/?s={search_term_string}\"},\"query-input\":{\"@type\":\"PropertyValueSpecification\",\"valueRequired\":true,\"valueName\":\"search_term_string\"}}],\"inLanguage\":\"en-US\"},{\"@type\":\"Organization\",\"@id\":\"https:\/\/sokhnaalexia.com\/#organization\",\"name\":\"Sokhna Alexia\",\"alternateName\":\"https:\/\/sokhnaalexia.com\/\",\"url\":\"https:\/\/sokhnaalexia.com\/\",\"logo\":{\"@type\":\"ImageObject\",\"inLanguage\":\"en-US\",\"@id\":\"https:\/\/sokhnaalexia.com\/#\/schema\/logo\/image\/\",\"url\":\"https:\/\/sokhnaalexia.com\/wp-content\/uploads\/2024\/06\/logotipo-header-retina.png\",\"contentUrl\":\"https:\/\/sokhnaalexia.com\/wp-content\/uploads\/2024\/06\/logotipo-header-retina.png\",\"width\":436,\"height\":214,\"caption\":\"Sokhna Alexia\"},\"image\":{\"@id\":\"https:\/\/sokhnaalexia.com\/#\/schema\/logo\/image\/\"},\"sameAs\":[\"https:\/\/www.instagram.com\/sokhna_alexia\"]}]}<\/script>\n<!-- \/ Yoast SEO plugin. -->","yoast_head_json":{"title":"TELA WAX | Sokhna Alexia","robots":{"index":"index","follow":"follow","max-snippet":"max-snippet:-1","max-image-preview":"max-image-preview:large","max-video-preview":"max-video-preview:-1"},"canonical":"https:\/\/sokhnaalexia.com\/producto\/tela-wax-32\/","og_locale":"en_US","og_type":"article","og_title":"TELA WAX | Sokhna Alexia","og_description":"Yarda, unidad de medida 0,90 x 115 cm","og_url":"https:\/\/sokhnaalexia.com\/producto\/tela-wax-32\/","og_site_name":"Sokhna Alexia","og_image":[{"width":1920,"height":2560,"url":"https:\/\/sokhnaalexia.com\/wp-content\/uploads\/2024\/10\/IMG_9312-scaled.jpeg","type":"image\/jpeg"}],"twitter_card":"summary_large_image","twitter_misc":{"Est. reading time":"1 minute"},"schema":{"@context":"https:\/\/schema.org","@graph":[{"@type":"WebPage","@id":"https:\/\/sokhnaalexia.com\/producto\/tela-wax-32\/","url":"https:\/\/sokhnaalexia.com\/producto\/tela-wax-32\/","name":"TELA WAX | Sokhna Alexia","isPartOf":{"@id":"https:\/\/sokhnaalexia.com\/#website"},"primaryImageOfPage":{"@id":"https:\/\/sokhnaalexia.com\/producto\/tela-wax-32\/#primaryimage"},"image":{"@id":"https:\/\/sokhnaalexia.com\/producto\/tela-wax-32\/#primaryimage"},"thumbnailUrl":"https:\/\/sokhnaalexia.com\/wp-content\/uploads\/2024\/10\/IMG_9312-scaled.jpeg","datePublished":"2024-10-26T11:44:28+00:00","breadcrumb":{"@id":"https:\/\/sokhnaalexia.com\/producto\/tela-wax-32\/#breadcrumb"},"inLanguage":"en-US","potentialAction":[{"@type":"ReadAction","target":["https:\/\/sokhnaalexia.com\/producto\/tela-wax-32\/"]}]},{"@type":"ImageObject","inLanguage":"en-US","@id":"https:\/\/sokhnaalexia.com\/producto\/tela-wax-32\/#primaryimage","url":"https:\/\/sokhnaalexia.com\/wp-content\/uploads\/2024\/10\/IMG_9312-scaled.jpeg","contentUrl":"https:\/\/sokhnaalexia.com\/wp-content\/uploads\/2024\/10\/IMG_9312-scaled.jpeg","width":1920,"height":2560},{"@type":"BreadcrumbList","@id":"https:\/\/sokhnaalexia.com\/producto\/tela-wax-32\/#breadcrumb","itemListElement":[{"@type":"ListItem","position":1,"name":"Inicio","item":"https:\/\/sokhnaalexia.com\/"},{"@type":"ListItem","position":2,"name":"Tienda online","item":"https:\/\/sokhnaalexia.com\/tienda-online\/"},{"@type":"ListItem","position":3,"name":"TELA WAX"}]},{"@type":"WebSite","@id":"https:\/\/sokhnaalexia.com\/#website","url":"https:\/\/sokhnaalexia.com\/","name":"Sokhna Alexia","description":"Telas y complementos africanos","publisher":{"@id":"https:\/\/sokhnaalexia.com\/#organization"},"alternateName":"Telas y complementos africanos","potentialAction":[{"@type":"SearchAction","target":{"@type":"EntryPoint","urlTemplate":"https:\/\/sokhnaalexia.com\/?s={search_term_string}"},"query-input":{"@type":"PropertyValueSpecification","valueRequired":true,"valueName":"search_term_string"}}],"inLanguage":"en-US"},{"@type":"Organization","@id":"https:\/\/sokhnaalexia.com\/#organization","name":"Sokhna Alexia","alternateName":"https:\/\/sokhnaalexia.com\/","url":"https:\/\/sokhnaalexia.com\/","logo":{"@type":"ImageObject","inLanguage":"en-US","@id":"https:\/\/sokhnaalexia.com\/#\/schema\/logo\/image\/","url":"https:\/\/sokhnaalexia.com\/wp-content\/uploads\/2024\/06\/logotipo-header-retina.png","contentUrl":"https:\/\/sokhnaalexia.com\/wp-content\/uploads\/2024\/06\/logotipo-header-retina.png","width":436,"height":214,"caption":"Sokhna Alexia"},"image":{"@id":"https:\/\/sokhnaalexia.com\/#\/schema\/logo\/image\/"},"sameAs":["https:\/\/www.instagram.com\/sokhna_alexia"]}]}},"jetpack_sharing_enabled":true,"_links":{"self":[{"href":"https:\/\/sokhnaalexia.com\/en\/wp-json\/wp\/v2\/product\/3528","targetHints":{"allow":["GET"]}}],"collection":[{"href":"https:\/\/sokhnaalexia.com\/en\/wp-json\/wp\/v2\/product"}],"about":[{"href":"https:\/\/sokhnaalexia.com\/en\/wp-json\/wp\/v2\/types\/product"}],"wp:featuredmedia":[{"embeddable":true,"href":"https:\/\/sokhnaalexia.com\/en\/wp-json\/wp\/v2\/media\/3529"}],"wp:attachment":[{"href":"https:\/\/sokhnaalexia.com\/en\/wp-json\/wp\/v2\/media?parent=3528"}],"wp:term":[{"taxonomy":"product_brand","embeddable":true,"href":"https:\/\/sokhnaalexia.com\/en\/wp-json\/wp\/v2\/product_brand?post=3528"},{"taxonomy":"product_cat","embeddable":true,"href":"https:\/\/sokhnaalexia.com\/en\/wp-json\/wp\/v2\/product_cat?post=3528"},{"taxonomy":"product_tag","embeddable":true,"href":"https:\/\/sokhnaalexia.com\/en\/wp-json\/wp\/v2\/product_tag?post=3528"}],"curies":[{"name":"wp","href":"https:\/\/api.w.org\/{rel}","templated":true}]}}